{"id":10362,"date":"2018-11-07T15:00:12","date_gmt":"2018-11-07T14:00:12","guid":{"rendered":"https:\/\/www.courmettes.com\/get-involved\/sabonner-aux-nouvelles\/"},"modified":"2024-06-24T16:46:19","modified_gmt":"2024-06-24T15:46:19","slug":"suscribe-to-our-newsletter","status":"publish","type":"page","link":"https:\/\/www.courmettes.com\/en\/get-involved\/suscribe-to-our-newsletter\/","title":{"rendered":"Suscribe to our newsletter"},"content":{"rendered":"<p>We&#8217;d love to keep you informed about life at Les Courmettes by sharing our projects and opportunities for you to get involved with us. If you would like to receive our emails, you can sign up using the form below (the newsletter is in French)<\/p>\n<p><!--End mc_embed_signup--><\/p>\n\n\n<div id=\"mc_embed_shell\">\n      <link href=\"\/\/cdn-images.mailchimp.com\/embedcode\/classic-061523.css\" rel=\"stylesheet\" type=\"text\/css\">\n  <style type=\"text\/css\">\n        #mc_embed_signup{background:#fff; false;clear:left; font:14px Helvetica,Arial,sans-serif; width: 600px; \n  border: 1px solid color: #353333 ;\n  padding: 10px;\nbox-shadow: 6px 4px 16px; }\n     \/* Add your own Mailchimp form style overrides in your site stylesheet or in this style block.\n           We recommend moving this block and the preceding CSS link to the HEAD of your HTML file. *\/\n<\/style><style type=\"text\/css\">\n        #mc-embedded-subscribe-form input[type=checkbox]{display: inline; width: auto;margin-right: 10px;}\n#mergeRow-gdpr {margin-top: 20px;}\n#mergeRow-gdpr fieldset label {font-weight: normal;}\n#mc-embedded-subscribe-form .mc_fieldset{border:none;min-height: 0px;padding-bottom:0px;}\n\t\n<\/style>\n<div id=\"mc_embed_signup\">\n    <form action=\"https:\/\/arocha.us11.list-manage.com\/subscribe\/post?u=7e99bf3837fd69ab443e58213&amp;id=57cd547720&amp;v_id=3712&amp;f_id=007711e1f0\" method=\"post\" id=\"mc-embedded-subscribe-form\" name=\"mc-embedded-subscribe-form\" class=\"validate\" target=\"_self\" novalidate=\"\">\n\t\t\n        <div id=\"mc_embed_signup_scroll\"><h2>Je m&#8217;abonne aux nouvelles des Courmettes<\/h2>\n            <div class=\"indicates-required\"><span class=\"asterisk\">*<\/span> champs requis<\/div>\n            <div class=\"mc-field-group\"><label for=\"mce-EMAIL\">Adresse e-mail <span class=\"asterisk\">*<\/span><\/label><input type=\"email\" name=\"EMAIL\" class=\"required email\" id=\"mce-EMAIL\" required=\"\" value=\"\"><\/div><div class=\"mc-field-group\"><label for=\"mce-MMERGE6\">Code postal <\/label><input type=\"zip\" name=\"MMERGE6\" class=\" zip\" id=\"mce-MMERGE6\" value=\"\"><\/div><div id=\"mergeRow-gdpr\" class=\"mergeRow gdpr-mergeRow content__gdprBlock mc-field-group\"><div class=\"content__gdpr\"><label>RGPD &#8211; Confidentialit\u00e9 des donn\u00e9es<\/label><p>Pour autoriser A Rocha \u00e0 vous envoyer la newsletter, merci de cocher la case ci-dessous :<\/p><fieldset class=\"mc_fieldset gdprRequired mc-field-group\" name=\"interestgroup_field\"><label class=\"checkbox subfield\" for=\"gdpr42664\"><input type=\"checkbox\" id=\"gdpr_42664\" name=\"gdpr[42664]\" class=\"gdpr\" value=\"Y\"><span><strong>Accepter<\/strong><\/span><\/label><\/fieldset><p>Les adresses que nous g\u00e9rons ne sont ni donn\u00e9es, ni \u00e9chang\u00e9es, ni pr\u00eat\u00e9es, ni lou\u00e9es, ni vendues. Vous pourrez vous d\u00e9sinscrire \u00e0 tout moment.<\/p><\/div><\/div>\n        <div id=\"mce-responses\" class=\"clear\">\n            <div class=\"response\" id=\"mce-error-response\" style=\"display: none;\"><\/div>\n            <div class=\"response\" id=\"mce-success-response\" style=\"display: none;\"><\/div>\n        <\/div><div aria-hidden=\"true\" style=\"position: absolute; left: -5000px;\"><input type=\"text\" name=\"b_7e99bf3837fd69ab443e58213_57cd547720\" tabindex=\"-1\" value=\"\"><\/div><div class=\"clear\"><input type=\"submit\" name=\"s'abonner\" id=\"mc-embedded-subscribe\" class=\"button\" value=\"S'abonner\"><\/div>\n\t\t\t<\/div>\n<\/form>\n<\/div>\n<\/div> <div>\n<script type=\"text\/javascript\" src=\"\/\/s3.amazonaws.com\/downloads.mailchimp.com\/js\/mc-validate.js\"><\/script><script type=\"text\/javascript\">(function($) {window.fnames = new Array(); window.ftypes = new Array();fnames[0]='EMAIL';ftypes[0]='email';fnames[6]='MMERGE6';ftypes[6]='zip';fnames[1]='FNAME';ftypes[1]='text';fnames[2]='LNAME';ftypes[2]='text';fnames[3]='ADDRESS';ftypes[3]='address';fnames[5]='MMERGE5';ftypes[5]='address';fnames[4]='PHONE';ftypes[4]='phone';fnames[7]='MMERGE7';ftypes[7]='text';\/*\n * Translated default messages for the $ validation plugin.\n * Locale: FR\n *\/\n$.extend($.validator.messages, {\n        required: \"Ce champ est requis.\",\n        remote: \"Veuillez remplir ce champ pour continuer.\",\n        email: \"Veuillez entrer une adresse email valide.\",\n        url: \"Veuillez entrer une URL valide.\",\n        date: \"Veuillez entrer une date valide.\",\n        dateISO: \"Veuillez entrer une date valide (ISO).\",\n        number: \"Veuillez entrer un nombre valide.\",\n        digits: \"Veuillez entrer (seulement) une valeur num\u00e9rique.\",\n        creditcard: \"Veuillez entrer un num\u00e9ro de carte de cr\u00e9dit valide.\",\n        equalTo: \"Veuillez entrer une nouvelle fois la m\u00eame valeur.\",\n        accept: \"Veuillez entrer une valeur avec une extension valide.\",\n        maxlength: $.validator.format(\"Veuillez ne pas entrer plus de {0} caract\u00e8res.\"),\n        minlength: $.validator.format(\"Veuillez entrer au moins {0} caract\u00e8res.\"),\n        rangelength: $.validator.format(\"Veuillez entrer entre {0} et {1} caract\u00e8res.\"),\n        range: $.validator.format(\"Veuillez entrer une valeur entre {0} et {1}.\"),\n        max: $.validator.format(\"Veuillez entrer une valeur inf\u00e9rieure ou \u00e9gale \u00e0 {0}.\"),\n        min: $.validator.format(\"Veuillez entrer une valeur sup\u00e9rieure ou \u00e9gale \u00e0 {0}.\")\n});}(jQuery));var $mcj = jQuery.noConflict(true);<\/script><\/div>\n\n\n\n<h2 class=\"wp-block-heading\"><strong>Interested by the other activities from <a href=\"http:\/\/arocha.fr\">A Rocha France<\/a>  ? <\/strong><\/h2>\n\n\n\n<p><strong>Please click on the images below if you want to suscribe to our other newsletters (all in French). &nbsp;<\/strong><\/p>\n\n\n\n<figure class=\"wp-block-image size-full is-resized is-style-default\"><a href=\"https:\/\/france.arocha.org\/fr\/enews\/\" target=\"_blank\" rel=\"noreferrer noopener\"><img loading=\"lazy\" decoding=\"async\" width=\"800\" height=\"150\" src=\"https:\/\/www.courmettes.com\/wp-content\/uploads\/2024\/01\/newsletter-mensuelle-a-rocha.png\" alt=\"\" class=\"wp-image-9816\" style=\"width:784px;height:auto\" srcset=\"https:\/\/www.courmettes.com\/wp-content\/uploads\/2024\/01\/newsletter-mensuelle-a-rocha.png 800w, https:\/\/www.courmettes.com\/wp-content\/uploads\/2024\/01\/newsletter-mensuelle-a-rocha-500x94.png 500w, https:\/\/www.courmettes.com\/wp-content\/uploads\/2024\/01\/newsletter-mensuelle-a-rocha-768x144.png 768w, https:\/\/www.courmettes.com\/wp-content\/uploads\/2024\/01\/newsletter-mensuelle-a-rocha-360x68.png 360w\" sizes=\"auto, (max-width: 800px) 100vw, 800px\" \/><\/a><\/figure>\n\n\n\n<figure class=\"wp-block-image size-full\"><a href=\"https:\/\/france.arocha.org\/fr\/nos-centres\/le-mas-mireille\/\" target=\"_blank\" rel=\"noopener\"><img loading=\"lazy\" decoding=\"async\" width=\"800\" height=\"150\" src=\"https:\/\/www.courmettes.com\/wp-content\/uploads\/2024\/01\/newsletter-vallee-de-sbaux.png\" alt=\"\" class=\"wp-image-9818\" srcset=\"https:\/\/www.courmettes.com\/wp-content\/uploads\/2024\/01\/newsletter-vallee-de-sbaux.png 800w, https:\/\/www.courmettes.com\/wp-content\/uploads\/2024\/01\/newsletter-vallee-de-sbaux-500x94.png 500w, https:\/\/www.courmettes.com\/wp-content\/uploads\/2024\/01\/newsletter-vallee-de-sbaux-768x144.png 768w, https:\/\/www.courmettes.com\/wp-content\/uploads\/2024\/01\/newsletter-vallee-de-sbaux-360x68.png 360w\" sizes=\"auto, (max-width: 800px) 100vw, 800px\" \/><\/a><\/figure>\n\n\n\n<figure class=\"wp-block-image size-full\"><a href=\"https:\/\/france.arocha.org\/fr\/participez\/prier-pour-la-creation\/\" target=\"_blank\" rel=\"noreferrer noopener\"><img loading=\"lazy\" decoding=\"async\" width=\"800\" height=\"150\" src=\"https:\/\/www.courmettes.com\/wp-content\/uploads\/2024\/01\/newsletter-priere-pour-la-creation.png\" alt=\"\" class=\"wp-image-9814\" srcset=\"https:\/\/www.courmettes.com\/wp-content\/uploads\/2024\/01\/newsletter-priere-pour-la-creation.png 800w, https:\/\/www.courmettes.com\/wp-content\/uploads\/2024\/01\/newsletter-priere-pour-la-creation-500x94.png 500w, https:\/\/www.courmettes.com\/wp-content\/uploads\/2024\/01\/newsletter-priere-pour-la-creation-768x144.png 768w, https:\/\/www.courmettes.com\/wp-content\/uploads\/2024\/01\/newsletter-priere-pour-la-creation-360x68.png 360w\" sizes=\"auto, (max-width: 800px) 100vw, 800px\" \/><\/a><\/figure>\n\n\n\n<p>If you are a journalist and would like to be added to our contact list to receive our press releases, please contact\u00a0<a href=\"mailto:nadege.peter@arocha.org\">Nad\u00e8ge Peter, head of communications for A Rocha France.<\/a><\/p>\n","protected":false},"excerpt":{"rendered":"<p>We&#8217;d love to keep you informed about life at Les Courmettes by sharing our projects and opportunities for you to get involved with us. If you would like to receive [&hellip;]<\/p>\n","protected":false},"author":16,"featured_media":0,"parent":1215,"menu_order":0,"comment_status":"closed","ping_status":"closed","template":"","meta":{"_acf_changed":false,"footnotes":""},"class_list":["post-10362","page","type-page","status-publish","hentry"],"acf":[],"_links":{"self":[{"href":"https:\/\/www.courmettes.com\/en\/wp-json\/wp\/v2\/pages\/10362","targetHints":{"allow":["GET"]}}],"collection":[{"href":"https:\/\/www.courmettes.com\/en\/wp-json\/wp\/v2\/pages"}],"about":[{"href":"https:\/\/www.courmettes.com\/en\/wp-json\/wp\/v2\/types\/page"}],"author":[{"embeddable":true,"href":"https:\/\/www.courmettes.com\/en\/wp-json\/wp\/v2\/users\/16"}],"replies":[{"embeddable":true,"href":"https:\/\/www.courmettes.com\/en\/wp-json\/wp\/v2\/comments?post=10362"}],"version-history":[{"count":3,"href":"https:\/\/www.courmettes.com\/en\/wp-json\/wp\/v2\/pages\/10362\/revisions"}],"predecessor-version":[{"id":10366,"href":"https:\/\/www.courmettes.com\/en\/wp-json\/wp\/v2\/pages\/10362\/revisions\/10366"}],"up":[{"embeddable":true,"href":"https:\/\/www.courmettes.com\/en\/wp-json\/wp\/v2\/pages\/1215"}],"wp:attachment":[{"href":"https:\/\/www.courmettes.com\/en\/wp-json\/wp\/v2\/media?parent=10362"}],"curies":[{"name":"wp","href":"https:\/\/api.w.org\/{rel}","templated":true}]}}